{"id":3107,"date":"2017-11-05T15:41:14","date_gmt":"2017-11-05T15:41:14","guid":{"rendered":"https:\/\/stage.wolfthemes.live\/hares\/?page_id=3107"},"modified":"2023-09-22T10:50:17","modified_gmt":"2023-09-22T14:50:17","slug":"contactez-nous","status":"publish","type":"page","link":"https:\/\/expressions-tattoos.com\/fr\/contactez-nous\/","title":{"rendered":"Contactez-nous"},"content":{"rendered":"<section class=\"wpb-content-wrapper\"><p>[vc_row equal_height=&#8221;&#8221; shift_y=&#8221;0&#8243; z_index=&#8221;0&#8243; css=&#8221;.vc_custom_1511720651609{padding-bottom: 0px !important;}&#8221;][vc_column][vc_custom_heading text=&#8221;Get Inked !&#8221; font_size=&#8221;38&#8243; text_align=&#8221;left&#8221; font_weight=&#8221;400&#8243; css_animation=&#8221;fadeInUp&#8221;][vc_column_text css_animation=&#8221;fadeIn&#8221; css_animation_delay=&#8221;200&#8243;]<span style=\"font-size: 14pt;\">Le salon de tatouage Expressions est situ\u00e9 au c\u0153ur de la ville d&#8217;Hudson. Notre mission est de devenir le salon de tatouage le plus reconnu et respect\u00e9 de la r\u00e9gion et d\u2019am\u00e9liorer la r\u00e9putation et les normes de l\u2019industrie.<\/span>[\/vc_column_text][\/vc_column][\/vc_row][vc_row equal_height=&#8221;&#8221; shift_y=&#8221;0&#8243; z_index=&#8221;0&#8243;][vc_column width=&#8221;2\/3&#8243;][vc_custom_heading text=&#8221;Envoyez-nous un message&#8221; font_size=&#8221;18&#8243; text_align=&#8221;left&#8221; font_weight=&#8221;700&#8243;]\n<div class=\"wpcf7 no-js\" id=\"wpcf7-f2222-o1\" lang=\"en-US\" dir=\"ltr\">\n<div class=\"screen-reader-response\"><p role=\"status\" aria-live=\"polite\" aria-atomic=\"true\"><\/p> <ul><\/ul><\/div>\n<form action=\"\/fr\/wp-json\/wp\/v2\/pages\/3107#wpcf7-f2222-o1\" method=\"post\" class=\"wpcf7-form init\" aria-label=\"Contact form\" novalidate=\"novalidate\" data-status=\"init\">\n<div style=\"display: none;\">\n<input type=\"hidden\" name=\"_wpcf7\" value=\"2222\" \/>\n<input type=\"hidden\" name=\"_wpcf7_version\" value=\"5.8\" \/>\n<input type=\"hidden\" name=\"_wpcf7_locale\" value=\"en_US\" \/>\n<input type=\"hidden\" name=\"_wpcf7_unit_tag\" value=\"wpcf7-f2222-o1\" \/>\n<input type=\"hidden\" name=\"_wpcf7_container_post\" value=\"0\" \/>\n<input type=\"hidden\" name=\"_wpcf7_posted_data_hash\" value=\"\" \/>\n<input type=\"hidden\" name=\"_wpcf7_recaptcha_response\" value=\"\" \/>\n<\/div>\n<div class=\"wpcf7-wrapper\">\n\t<p class=\"wpcf7-field\"><span class=\"wpcf7-form-control-wrap\" data-name=\"your-name\"><input size=\"40\" class=\"wpcf7-form-control wpcf7-text wpcf7-validates-as-required\" aria-required=\"true\" aria-invalid=\"false\" placeholder=\"Nom\" value=\"\" type=\"text\" name=\"your-name\" \/><\/span>\n\t<\/p>\n<\/div>\n<div class=\"wpcf7-inline-wrapper\">\n\t<p class=\"wpcf7-inline-field\"><span class=\"wpcf7-form-control-wrap\" data-name=\"your-email\"><input size=\"40\" class=\"wpcf7-form-control wpcf7-email wpcf7-validates-as-required wpcf7-text wpcf7-validates-as-email\" aria-required=\"true\" aria-invalid=\"false\" placeholder=\"Courriel\" value=\"\" type=\"email\" name=\"your-email\" \/><\/span>\n\t<\/p>\n\t<p class=\"wpcf7-inline-field\"><span class=\"wpcf7-form-control-wrap\" data-name=\"your-phone\"><input size=\"40\" class=\"wpcf7-form-control wpcf7-text wpcf7-validates-as-required\" aria-required=\"true\" aria-invalid=\"false\" placeholder=\"T\u00e9l\u00e9phone\" value=\"\" type=\"text\" name=\"your-phone\" \/><\/span>\n\t<\/p>\n<\/div>\n<div class=\"wpcf7-wrapper\">\n\t<p class=\"wpcf7-inline-field\"><span class=\"wpcf7-form-control-wrap\" data-name=\"subject\"><input size=\"40\" class=\"wpcf7-form-control wpcf7-text wpcf7-validates-as-required\" aria-required=\"true\" aria-invalid=\"false\" placeholder=\"Sujet\" value=\"\" type=\"text\" name=\"subject\" \/><\/span>\n\t<\/p>\n<\/div>\n<p><span class=\"wpcf7-form-control-wrap\" data-name=\"your-message\"><textarea cols=\"40\" rows=\"10\" class=\"wpcf7-form-control wpcf7-textarea\" aria-invalid=\"false\" placeholder=\"Message\" name=\"your-message\"><\/textarea><\/span>\n<\/p>\n<p class=\"wpcf7-field-no-margin\">\n<\/p>\n<p><input class=\"wpcf7-form-control wpcf7-submit has-spinner wpcf7-button-fullwidth\" type=\"submit\" value=\"Send\" \/>\n<\/p><div class=\"wpcf7-response-output\" aria-hidden=\"true\"><\/div>\n<\/form>\n<\/div>\n[\/vc_column][vc_column width=&#8221;1\/3&#8243;][vc_custom_heading text=&#8221;Notre adresse&#8221; font_size=&#8221;18&#8243; text_align=&#8221;left&#8221; font_weight=&#8221;700&#8243; css=&#8221;.vc_custom_1624289487780{margin-bottom: 25px !important;}&#8221;][vc_column_text]472 rue main unit\u00e9 E<br \/>\nHudson, Qu\u00e9bec<br \/>\nJ0P 1H0 (<a href=\"https:\/\/goo.gl\/maps\/hfSryuW6h79pqMEh7\" target=\"_blank\" rel=\"noopener\">Itin\u00e9raire<\/a>)[\/vc_column_text][vc_custom_heading text=&#8221;Heures d&#8217;ouverture&#8221; font_size=&#8221;18&#8243; text_align=&#8221;left&#8221; font_weight=&#8221;700&#8243; css=&#8221;.vc_custom_1624290341226{margin-bottom: 25px !important;}&#8221;][vc_column_text]<\/p>\n<div class=\"wvc-hours wvc-clearfix\">\n<div class=\"wvc-h-container\"><span class=\"wvc-h-day\">Lundi : <\/span><span class=\"wvc-h-hours\">10h00 &#8211; 18h00<\/span><\/div>\n<\/div>\n<div class=\"wvc-hours wvc-clearfix\">\n<div class=\"wvc-h-container\"><span class=\"wvc-h-day\">Mardi : <\/span><span class=\"wvc-h-hours\">10h00 &#8211; 18h00<\/span><\/div>\n<\/div>\n<div class=\"wvc-hours wvc-clearfix\">\n<div class=\"wvc-h-container\"><span class=\"wvc-h-day\">Mercredi : <\/span><span class=\"wvc-h-hours\">10h00 &#8211; 18h00<\/span><\/div>\n<\/div>\n<div class=\"wvc-hours wvc-clearfix\">\n<div class=\"wvc-h-container\"><span class=\"wvc-h-day\">Jeudi : <\/span><span class=\"wvc-h-hours\">10h00 &#8211; 21h00<\/span><\/div>\n<\/div>\n<div class=\"wvc-hours wvc-clearfix\">\n<div class=\"wvc-h-container\"><span class=\"wvc-h-day\">Vendredi : <\/span><span class=\"wvc-h-hours\">10h00 &#8211; 21h00<\/span><\/div>\n<\/div>\n<div class=\"wvc-hours wvc-clearfix\">\n<div class=\"wvc-h-container\"><span class=\"wvc-h-day\">Samedi : <\/span><span class=\"wvc-h-hours\">11h00 &#8211; 19h00<\/span><\/div>\n<\/div>\n<div class=\"wvc-hours wvc-clearfix\">\n<div class=\"wvc-h-container\"><span class=\"wvc-h-day\">Dimanche : <\/span><span class=\"wvc-h-hours\">11h00 &#8211; 19h00<\/span><\/div>\n<\/div>\n<p>[\/vc_column_text][\/vc_column][\/vc_row]<\/p>\n<\/section>","protected":false},"excerpt":{"rendered":"<p>[vc_row equal_height=&#8221;&#8221; shift_y=&#8221;0&#8243; z_index=&#8221;0&#8243; css=&#8221;.vc_custom_1511720651609{padding-bottom: 0px !important;}&#8221;][vc_column][vc_custom_heading text=&#8221;Get Inked !&#8221; font_size=&#8221;38&#8243; text_align=&#8221;left&#8221; font_weight=&#8221;400&#8243; css_animation=&#8221;fadeInUp&#8221;][vc_column_text css_animation=&#8221;fadeIn&#8221; css_animation_delay=&#8221;200&#8243;]Le salon de tatouage Expressions est situ\u00e9 au c\u0153ur de la ville d&#8217;Hudson. Notre mission est de devenir le salon de tatouage le plus reconnu et respect\u00e9 de la r\u00e9gion et d\u2019am\u00e9liorer la r\u00e9putation et les normes de l\u2019industrie.[\/vc_column_text][\/vc_column][\/vc_row][vc_row equal_height=&#8221;&#8221;&#8230;<\/p>\n<p><a rel=\"bookmark\" class=\"hares_button_alt wvc-button wvc-button-size-xs\" href=\"https:\/\/expressions-tattoos.com\/fr\/contactez-nous\/\"><span>Continue reading<\/span><\/a><\/p>\n","protected":false},"author":1,"featured_media":0,"parent":0,"menu_order":0,"comment_status":"closed","ping_status":"closed","template":"","meta":{"footnotes":""},"class_list":{"0":"post-3107","1":"page","2":"type-page","3":"status-publish","4":"hentry","5":"entry","6":"clearfix","7":"entry-grid","8":"entry-columns-default","9":"entry-page-module-layout-standard","10":"no-post-thumbnail","11":"entry-page","13":"entry-page-grid"},"_links":{"self":[{"href":"https:\/\/expressions-tattoos.com\/fr\/wp-json\/wp\/v2\/pages\/3107","targetHints":{"allow":["GET"]}}],"collection":[{"href":"https:\/\/expressions-tattoos.com\/fr\/wp-json\/wp\/v2\/pages"}],"about":[{"href":"https:\/\/expressions-tattoos.com\/fr\/wp-json\/wp\/v2\/types\/page"}],"author":[{"embeddable":true,"href":"https:\/\/expressions-tattoos.com\/fr\/wp-json\/wp\/v2\/users\/1"}],"replies":[{"embeddable":true,"href":"https:\/\/expressions-tattoos.com\/fr\/wp-json\/wp\/v2\/comments?post=3107"}],"version-history":[{"count":14,"href":"https:\/\/expressions-tattoos.com\/fr\/wp-json\/wp\/v2\/pages\/3107\/revisions"}],"predecessor-version":[{"id":7829,"href":"https:\/\/expressions-tattoos.com\/fr\/wp-json\/wp\/v2\/pages\/3107\/revisions\/7829"}],"wp:attachment":[{"href":"https:\/\/expressions-tattoos.com\/fr\/wp-json\/wp\/v2\/media?parent=3107"}],"curies":[{"name":"wp","href":"https:\/\/api.w.org\/{rel}","templated":true}]}}