{"id":5758,"date":"2021-06-15T19:12:40","date_gmt":"2021-06-15T19:12:40","guid":{"rendered":"https:\/\/expression.eloqui.ca\/?page_id=5758"},"modified":"2023-09-21T14:18:17","modified_gmt":"2023-09-21T18:18:17","slug":"percages","status":"publish","type":"page","link":"https:\/\/expressions-tattoos.com\/fr\/percages\/","title":{"rendered":"Per\u00e7ages"},"content":{"rendered":"<section class=\"wpb-content-wrapper\"><p>[vc_row equal_height=&#8221;&#8221; background_type=&#8221;image&#8221; background_img=&#8221;3337&#8243; background_repeat=&#8221;repeat&#8221; background_size=&#8221;default&#8221; background_img_lazyload=&#8221;1&#8243; shift_y=&#8221;0&#8243; z_index=&#8221;0&#8243;][vc_column][vc_custom_heading text=&#8221;Per\u00e7age au lobe, \u00e0 l&#8217;h\u00e9lix et au nez&#8221; font_size=&#8221;80&#8243; font_family=&#8221;Mr Dafoe&#8221; text_align=&#8221;left&#8221; font_weight=&#8221;400&#8243; text_transform=&#8221;none&#8221; css=&#8221;.vc_custom_1695320284863{margin-bottom: 15px !important;}&#8221;][vc_separator el_width=&#8221;50&#8243; el_height=&#8221;3&#8243; align=&#8221;align_left&#8221; color=&#8221;accent&#8221;][vc_column_text]Chez Expressions nous adh\u00e9rons \u00e0 des standards tr\u00e8s \u00e9lev\u00e9 de sant\u00e9 et s\u00e9curit\u00e9, ce qui fait que nous sommes la place id\u00e9ale pour faire percer vos oreilles ou votre nez. Nos perceurs re\u00e7oivent une formation pointue, et utilise le syst\u00e8me de per\u00e7age \u00e0 usage unique le plus s\u00fbrs et le plus hygi\u00e9niques qui soient en mati\u00e8re de per\u00e7age d\u2019oreilles ou de nez. Seules les cartouches encapsul\u00e9es pr\u00e9alablement charg\u00e9es et st\u00e9rilis\u00e9es entrent en contact avec votre peau.<\/p>\n<p>L\u2019instrument n\u2019entre jamais en contact avec la peau ou les liquides corporels de la cliente, \u00e9liminant ainsi les risques d\u2019infections crois\u00e9es.<\/p>\n<p>Pour les oreilles, nous offrons la possibilit\u00e9 de faire percer les oreilles en tandem, les deux lobes en m\u00eame temps. De plus, nous offrons une gamme compl\u00e8te de bijoux hypoallerg\u00e9niques tels que le titane, plastique et titane en or tous de grade m\u00e9dicale.<\/p>\n<p>Nous conseillons aux personnes allergiques au nickel ou qui ont la peau sensible de choisir le plastique m\u00e9dical, qui ne contient pas du tout de nickel. Blomdahl a pris le mat\u00e9riel utilis\u00e9 pour des sutures chirurgicale et a renforci le plastique.[\/vc_column_text][vc_column_text]<\/p>\n<p style=\"text-align: center;\"><a href=\"https:\/\/www.facebook.com\/media\/set\/?vanity=289332920986&amp;set=a.10158518199385987\" target=\"_blank\" rel=\"noopener\"><span style=\"font-family: 'Mr Dafoe'; font-size: 24pt; font-weight: 400;\">Consultez notre portfolio<\/span><\/a><\/p>\n<p>[\/vc_column_text][vc_empty_space height=&#8221;80px&#8221;][vc_gallery img_size=&#8221;600&#215;600&#8243; slides_per_view=&#8221;5&#8243; images=&#8221;7491,7493,7495,7497,7499,7501,7505,7507,7509,7511,7513,7620&#8243;][\/vc_column][\/vc_row]<\/p>\n<\/section>","protected":false},"excerpt":{"rendered":"<p>[vc_row equal_height=&#8221;&#8221; background_type=&#8221;image&#8221; background_img=&#8221;3337&#8243; background_repeat=&#8221;repeat&#8221; background_size=&#8221;default&#8221; background_img_lazyload=&#8221;1&#8243; shift_y=&#8221;0&#8243; z_index=&#8221;0&#8243;][vc_column][vc_custom_heading text=&#8221;Per\u00e7age au lobe, \u00e0 l&#8217;h\u00e9lix et au nez&#8221; font_size=&#8221;80&#8243; font_family=&#8221;Mr Dafoe&#8221; text_align=&#8221;left&#8221; font_weight=&#8221;400&#8243; text_transform=&#8221;none&#8221; css=&#8221;.vc_custom_1695320284863{margin-bottom: 15px !important;}&#8221;][vc_separator el_width=&#8221;50&#8243; el_height=&#8221;3&#8243; align=&#8221;align_left&#8221; color=&#8221;accent&#8221;][vc_column_text]Chez Expressions nous adh\u00e9rons \u00e0 des standards tr\u00e8s \u00e9lev\u00e9 de sant\u00e9 et s\u00e9curit\u00e9, ce qui fait que nous sommes la place id\u00e9ale pour faire percer vos&#8230;<\/p>\n<p><a rel=\"bookmark\" class=\"hares_button_alt wvc-button wvc-button-size-xs\" href=\"https:\/\/expressions-tattoos.com\/fr\/percages\/\"><span>Continue reading<\/span><\/a><\/p>\n","protected":false},"author":1,"featured_media":0,"parent":0,"menu_order":0,"comment_status":"closed","ping_status":"closed","template":"","meta":{"footnotes":""},"class_list":{"0":"post-5758","1":"page","2":"type-page","3":"status-publish","4":"hentry","5":"entry","6":"clearfix","7":"entry-grid","8":"entry-columns-default","9":"entry-page-module-layout-standard","10":"no-post-thumbnail","11":"entry-page","13":"entry-page-grid"},"_links":{"self":[{"href":"https:\/\/expressions-tattoos.com\/fr\/wp-json\/wp\/v2\/pages\/5758","targetHints":{"allow":["GET"]}}],"collection":[{"href":"https:\/\/expressions-tattoos.com\/fr\/wp-json\/wp\/v2\/pages"}],"about":[{"href":"https:\/\/expressions-tattoos.com\/fr\/wp-json\/wp\/v2\/types\/page"}],"author":[{"embeddable":true,"href":"https:\/\/expressions-tattoos.com\/fr\/wp-json\/wp\/v2\/users\/1"}],"replies":[{"embeddable":true,"href":"https:\/\/expressions-tattoos.com\/fr\/wp-json\/wp\/v2\/comments?post=5758"}],"version-history":[{"count":12,"href":"https:\/\/expressions-tattoos.com\/fr\/wp-json\/wp\/v2\/pages\/5758\/revisions"}],"predecessor-version":[{"id":7685,"href":"https:\/\/expressions-tattoos.com\/fr\/wp-json\/wp\/v2\/pages\/5758\/revisions\/7685"}],"wp:attachment":[{"href":"https:\/\/expressions-tattoos.com\/fr\/wp-json\/wp\/v2\/media?parent=5758"}],"curies":[{"name":"wp","href":"https:\/\/api.w.org\/{rel}","templated":true}]}}