{"id":6744,"date":"2021-07-15T10:17:10","date_gmt":"2021-07-15T14:17:10","guid":{"rendered":"https:\/\/expression.eloqui.ca\/?page_id=6744"},"modified":"2021-07-15T10:38:35","modified_gmt":"2021-07-15T14:38:35","slug":"angelina-jolie","status":"publish","type":"page","link":"https:\/\/expressions-tattoos.com\/fr\/angelina-jolie\/","title":{"rendered":"Angelina Jolie"},"content":{"rendered":"<section class=\"wpb-content-wrapper\"><p>[vc_row column_type=&#8221;block&#8221; background_type=&#8221;image&#8221; background_img=&#8221;3337&#8243; background_repeat=&#8221;repeat&#8221; background_size=&#8221;default&#8221; shift_y=&#8221;0&#8243; z_index=&#8221;0&#8243;][vc_column shift_x=&#8221;0&#8243; shift_y=&#8221;0&#8243; z_index=&#8221;0&#8243; max_width=&#8221;800&#8243;][vc_custom_heading text=&#8221;Le saviez-vous?&#8221; font_size=&#8221;48&#8243; font_family=&#8221;Mr Dafoe&#8221; text_align=&#8221;left&#8221; font_weight=&#8221;400&#8243; text_transform=&#8221;none&#8221; css_animation=&#8221;fadeInUp&#8221;][vc_separator el_width=&#8221;50&#8243; el_height=&#8221;3&#8243; align=&#8221;align_left&#8221; color=&#8221;accent&#8221; css_animation=&#8221;fadeIn&#8221; css_animation_delay=&#8221;200&#8243;][vc_column_text css_animation=&#8221;fadeIn&#8221; css_animation_delay=&#8221;400&#8243;]En 2004, l&#8217;actrice Angelina Jolie \u00e9tait de passage \u00e0 Montr\u00e9al pour le tournage du film Taking Lives (Destins viol\u00e9s), Jeff Wiet a eu le privil\u00e8ge de tatouer l&#8217;actrice. Tout un honneur![\/vc_column_text][vc_column_text css_animation=&#8221;fadeIn&#8221; css_animation_delay=&#8221;400&#8243;]<a href=\"https:\/\/www.facebook.com\/media\/set\/?vanity=289332920986&amp;set=a.10157919747505987\" target=\"_blank\" rel=\"noopener\"><span style=\"font-family: 'Mr Dafoe'; font-weight: 400; font-size: 28pt;\">Consultez le portfolio de Jeff Wiet<\/span><\/a>[\/vc_column_text][vc_single_image image=&#8221;6762&#8243; img_size=&#8221;full&#8221; full_width=&#8221;1&#8243; opacity=&#8221;100&#8243;][\/vc_column][\/vc_row]<\/p>\n<\/section>","protected":false},"excerpt":{"rendered":"<p>[vc_row column_type=&#8221;block&#8221; background_type=&#8221;image&#8221; background_img=&#8221;3337&#8243; background_repeat=&#8221;repeat&#8221; background_size=&#8221;default&#8221; shift_y=&#8221;0&#8243; z_index=&#8221;0&#8243;][vc_column shift_x=&#8221;0&#8243; shift_y=&#8221;0&#8243; z_index=&#8221;0&#8243; max_width=&#8221;800&#8243;][vc_custom_heading text=&#8221;Le saviez-vous?&#8221; font_size=&#8221;48&#8243; font_family=&#8221;Mr Dafoe&#8221; text_align=&#8221;left&#8221; font_weight=&#8221;400&#8243; text_transform=&#8221;none&#8221; css_animation=&#8221;fadeInUp&#8221;][vc_separator el_width=&#8221;50&#8243; el_height=&#8221;3&#8243; align=&#8221;align_left&#8221; color=&#8221;accent&#8221; css_animation=&#8221;fadeIn&#8221; css_animation_delay=&#8221;200&#8243;][vc_column_text css_animation=&#8221;fadeIn&#8221; css_animation_delay=&#8221;400&#8243;]En 2004, l&#8217;actrice Angelina Jolie \u00e9tait de passage \u00e0 Montr\u00e9al pour le tournage du film Taking Lives (Destins viol\u00e9s), Jeff Wiet a eu le privil\u00e8ge de tatouer&#8230;<\/p>\n<p><a rel=\"bookmark\" class=\"hares_button_alt wvc-button wvc-button-size-xs\" href=\"https:\/\/expressions-tattoos.com\/fr\/angelina-jolie\/\"><span>Continue reading<\/span><\/a><\/p>\n","protected":false},"author":1,"featured_media":0,"parent":0,"menu_order":0,"comment_status":"closed","ping_status":"closed","template":"","meta":{"footnotes":""},"class_list":{"0":"post-6744","1":"page","2":"type-page","3":"status-publish","4":"hentry","5":"entry","6":"clearfix","7":"entry-grid","8":"entry-columns-default","9":"entry-page-module-layout-standard","10":"no-post-thumbnail","11":"entry-page","13":"entry-page-grid"},"_links":{"self":[{"href":"https:\/\/expressions-tattoos.com\/fr\/wp-json\/wp\/v2\/pages\/6744","targetHints":{"allow":["GET"]}}],"collection":[{"href":"https:\/\/expressions-tattoos.com\/fr\/wp-json\/wp\/v2\/pages"}],"about":[{"href":"https:\/\/expressions-tattoos.com\/fr\/wp-json\/wp\/v2\/types\/page"}],"author":[{"embeddable":true,"href":"https:\/\/expressions-tattoos.com\/fr\/wp-json\/wp\/v2\/users\/1"}],"replies":[{"embeddable":true,"href":"https:\/\/expressions-tattoos.com\/fr\/wp-json\/wp\/v2\/comments?post=6744"}],"version-history":[{"count":7,"href":"https:\/\/expressions-tattoos.com\/fr\/wp-json\/wp\/v2\/pages\/6744\/revisions"}],"predecessor-version":[{"id":6765,"href":"https:\/\/expressions-tattoos.com\/fr\/wp-json\/wp\/v2\/pages\/6744\/revisions\/6765"}],"wp:attachment":[{"href":"https:\/\/expressions-tattoos.com\/fr\/wp-json\/wp\/v2\/media?parent=6744"}],"curies":[{"name":"wp","href":"https:\/\/api.w.org\/{rel}","templated":true}]}}