{"id":7669,"date":"2023-09-21T13:58:09","date_gmt":"2023-09-21T17:58:09","guid":{"rendered":"https:\/\/expressions-tattoos.com\/?page_id=7669"},"modified":"2023-09-21T15:52:29","modified_gmt":"2023-09-21T19:52:29","slug":"gaelle","status":"publish","type":"page","link":"https:\/\/expressions-tattoos.com\/fr\/gaelle\/","title":{"rendered":"Ga\u00eblle"},"content":{"rendered":"<section class=\"wpb-content-wrapper\"><p>[vc_row column_type=&#8221;block&#8221; background_type=&#8221;image&#8221; background_img=&#8221;3337&#8243; background_repeat=&#8221;repeat&#8221; background_size=&#8221;default&#8221; shift_y=&#8221;0&#8243; z_index=&#8221;0&#8243;][vc_column width=&#8221;1\/2&#8243; shift_x=&#8221;0&#8243; shift_y=&#8221;0&#8243; z_index=&#8221;0&#8243; max_width=&#8221;800&#8243;][vc_custom_heading text=&#8221;Biographie&#8221; font_size=&#8221;48&#8243; font_family=&#8221;Mr Dafoe&#8221; text_align=&#8221;left&#8221; font_weight=&#8221;400&#8243; text_transform=&#8221;none&#8221; css_animation=&#8221;fadeInUp&#8221;][vc_separator el_width=&#8221;50&#8243; el_height=&#8221;3&#8243; align=&#8221;align_left&#8221; color=&#8221;accent&#8221; css_animation=&#8221;fadeIn&#8221; css_animation_delay=&#8221;200&#8243;][vc_column_text css_animation=&#8221;fadeIn&#8221; css_animation_delay=&#8221;400&#8243;]Gaelle est n\u00e9e en France et sa passion pour l\u2019art a commenc\u00e9 d\u00e8s son plus \u00e2ge. Du haut de ses 4ans, son p\u00e8re lui montrait d\u00e9j\u00e0 les bases de la peinture et du dessin.<\/p>\n<p>Durant ses \u00e9tudes en design graphique puis en design int\u00e9rieur, elle a \u00e9galement pris plusieurs cours d\u2019arts, notamment de mod\u00e8les vivants. Gaelle est quelqu\u2019un ayant la capacit\u00e9 de visualiser un projet avant m\u00eame que celui ne soit en cours. C\u2019est une personne cr\u00e9ative et perfectionniste, qui est inspir\u00e9e par le style neo-traditionnel.<\/p>\n<p>Elle adore \u00e9galement tout ce qui touche \u00e0 au fantastique, l\u2019horreur, l\u2019anatomie et les plantes!<\/p>\n<p>Elle a tr\u00e8s h\u00e2te de vous rencontrer pour faire en sorte que vos projets deviennent r\u00e9alit\u00e9.[\/vc_column_text][vc_column_text text_align_mobile=&#8221;center&#8221;]<\/p>\n<p style=\"text-align: center;\"><a href=\"https:\/\/www.facebook.com\/media\/set\/?set=a.767563775379130&amp;type=3\" target=\"_blank\" rel=\"noopener\"><span style=\"font-family: 'Mr Dafoe'; font-size: 24pt; font-weight: 400;\">Voir son portfolio<\/span><\/a><\/p>\n<p>[\/vc_column_text][\/vc_column][vc_column content_placement=&#8221;top&#8221; content_alignment=&#8221;left&#8221; width=&#8221;1\/2&#8243; shift_x=&#8221;0&#8243; shift_y=&#8221;0&#8243; z_index=&#8221;0&#8243; max_width=&#8221;800&#8243;][vc_single_image image=&#8221;7661&#8243; img_size=&#8221;full&#8221; full_width=&#8221;1&#8243; alignment=&#8221;left&#8221; opacity=&#8221;100&#8243; animated_svg=&#8221;1&#8243;][\/vc_column][\/vc_row][vc_row][vc_column][vc_gallery img_size=&#8221;600&#215;600&#8243; slides_per_view=&#8221;6&#8243; images=&#8221;7645,7647,7649,7651,7653,7655,7657&#8243;][\/vc_column][\/vc_row]<\/p>\n<\/section>","protected":false},"excerpt":{"rendered":"<p>[vc_row column_type=&#8221;block&#8221; background_type=&#8221;image&#8221; background_img=&#8221;3337&#8243; background_repeat=&#8221;repeat&#8221; background_size=&#8221;default&#8221; shift_y=&#8221;0&#8243; z_index=&#8221;0&#8243;][vc_column width=&#8221;1\/2&#8243; shift_x=&#8221;0&#8243; shift_y=&#8221;0&#8243; z_index=&#8221;0&#8243; max_width=&#8221;800&#8243;][vc_custom_heading text=&#8221;Biographie&#8221; font_size=&#8221;48&#8243; font_family=&#8221;Mr Dafoe&#8221; text_align=&#8221;left&#8221; font_weight=&#8221;400&#8243; text_transform=&#8221;none&#8221; css_animation=&#8221;fadeInUp&#8221;][vc_separator el_width=&#8221;50&#8243; el_height=&#8221;3&#8243; align=&#8221;align_left&#8221; color=&#8221;accent&#8221; css_animation=&#8221;fadeIn&#8221; css_animation_delay=&#8221;200&#8243;][vc_column_text css_animation=&#8221;fadeIn&#8221; css_animation_delay=&#8221;400&#8243;]Gaelle est n\u00e9e en France et sa passion pour l\u2019art a commenc\u00e9 d\u00e8s son plus \u00e2ge. Du haut de ses 4ans, son p\u00e8re lui montrait d\u00e9j\u00e0 les&#8230;<\/p>\n<p><a rel=\"bookmark\" class=\"hares_button_alt wvc-button wvc-button-size-xs\" href=\"https:\/\/expressions-tattoos.com\/fr\/gaelle\/\"><span>Continue reading<\/span><\/a><\/p>\n","protected":false},"author":1,"featured_media":0,"parent":0,"menu_order":0,"comment_status":"closed","ping_status":"closed","template":"","meta":{"footnotes":""},"class_list":{"0":"post-7669","1":"page","2":"type-page","3":"status-publish","4":"hentry","5":"entry","6":"clearfix","7":"entry-grid","8":"entry-columns-default","9":"entry-page-module-layout-standard","10":"no-post-thumbnail","11":"entry-page","13":"entry-page-grid"},"_links":{"self":[{"href":"https:\/\/expressions-tattoos.com\/fr\/wp-json\/wp\/v2\/pages\/7669","targetHints":{"allow":["GET"]}}],"collection":[{"href":"https:\/\/expressions-tattoos.com\/fr\/wp-json\/wp\/v2\/pages"}],"about":[{"href":"https:\/\/expressions-tattoos.com\/fr\/wp-json\/wp\/v2\/types\/page"}],"author":[{"embeddable":true,"href":"https:\/\/expressions-tattoos.com\/fr\/wp-json\/wp\/v2\/users\/1"}],"replies":[{"embeddable":true,"href":"https:\/\/expressions-tattoos.com\/fr\/wp-json\/wp\/v2\/comments?post=7669"}],"version-history":[{"count":2,"href":"https:\/\/expressions-tattoos.com\/fr\/wp-json\/wp\/v2\/pages\/7669\/revisions"}],"predecessor-version":[{"id":7671,"href":"https:\/\/expressions-tattoos.com\/fr\/wp-json\/wp\/v2\/pages\/7669\/revisions\/7671"}],"wp:attachment":[{"href":"https:\/\/expressions-tattoos.com\/fr\/wp-json\/wp\/v2\/media?parent=7669"}],"curies":[{"name":"wp","href":"https:\/\/api.w.org\/{rel}","templated":true}]}}