{"id":6098,"date":"2021-06-21T16:34:41","date_gmt":"2021-06-21T16:34:41","guid":{"rendered":"https:\/\/expression.eloqui.ca\/?post_type=product&#038;p=6098"},"modified":"2021-06-30T11:41:29","modified_gmt":"2021-06-30T15:41:29","slug":"hustle-butter","status":"publish","type":"product","link":"https:\/\/expressions-tattoos.com\/fr\/boutique\/hustle-butter\/","title":{"rendered":"Hustle Butter"},"content":{"rendered":"","protected":false},"excerpt":{"rendered":"<p><span style=\"font-size: 18pt;\"><strong>DISPONIBLE EN MAGASIN<\/strong><\/span><\/p>\n<p>Hustle Butter Deluxe\u2122 est 100% naturel, 100% organique et v\u00e9g\u00e9talien qui remplace tout produit \u00e0 base de p\u00e9trole. Il est utilis\u00e9 pour :<\/p>\n<ul>\n<li>Pr\u00e9parer la peau avant le tatouage.<\/li>\n<li>Lubrifier pendant qu\u2019on est tatou\u00e9.<\/li>\n<li>Soigner apr\u00e8s le processus de tatouage.<\/li>\n<li>Ce produit se compose de beurre de mangue, beurre de papaye et beurre de karit\u00e9 donnant une vaste gamme de b\u00e9n\u00e9fices : Il n\u2019enl\u00e8vera pas les dessins en carbone. Il n\u2019y a pas d\u2019accumulation de p\u00e9trole, des tubes obstru\u00e9es ou des gants abim\u00e9es. Promeut la gu\u00e9rison, r\u00e9duit la rougeur, le gonflement et le saignement.<\/li>\n<\/ul>\n<p>La peau reste maniable, les rehauts de tatouage ne sont pas surmen\u00e9s, les encres jaunes et blanches s\u2019introduisent dans la peau la premi\u00e8re fois sans besoin de faire un autre passe\u2026 l\u2019encre s\u2019introduit \u00e0 la peau comme jamais auparavant! REMPLACEZ tout produit \u00e0 base de p\u00e9trole aujourd\u2019hui! Hustle Butter Deluxe\u2122 aide les tatouages frais gu\u00e9rir plus rapidement que des autres produits et ses r\u00e9sultats sont sans pareil\u2026r\u00e9sultats qui durent TOUTE UNE VIE!!!<\/p>\n","protected":false},"featured_media":6099,"comment_status":"open","ping_status":"closed","template":"","meta":[],"product_cat":[66],"product_tag":[],"class_list":["post-6098","product","type-product","status-publish","has-post-thumbnail","hentry","product_cat-produits-de-soins","entry","clearfix","entry-grid","entry-columns-default","entry-product-module-layout-standard","thumbnail-color-tone-light","entry-product","entry-grid_overlay","entry-product-grid_overlay"],"_links":{"self":[{"href":"https:\/\/expressions-tattoos.com\/fr\/wp-json\/wp\/v2\/product\/6098","targetHints":{"allow":["GET"]}}],"collection":[{"href":"https:\/\/expressions-tattoos.com\/fr\/wp-json\/wp\/v2\/product"}],"about":[{"href":"https:\/\/expressions-tattoos.com\/fr\/wp-json\/wp\/v2\/types\/product"}],"replies":[{"embeddable":true,"href":"https:\/\/expressions-tattoos.com\/fr\/wp-json\/wp\/v2\/comments?post=6098"}],"wp:featuredmedia":[{"embeddable":true,"href":"https:\/\/expressions-tattoos.com\/fr\/wp-json\/wp\/v2\/media\/6099"}],"wp:attachment":[{"href":"https:\/\/expressions-tattoos.com\/fr\/wp-json\/wp\/v2\/media?parent=6098"}],"wp:term":[{"taxonomy":"product_cat","embeddable":true,"href":"https:\/\/expressions-tattoos.com\/fr\/wp-json\/wp\/v2\/product_cat?post=6098"},{"taxonomy":"product_tag","embeddable":true,"href":"https:\/\/expressions-tattoos.com\/fr\/wp-json\/wp\/v2\/product_tag?post=6098"}],"curies":[{"name":"wp","href":"https:\/\/api.w.org\/{rel}","templated":true}]}}